{"id":256,"date":"2021-07-20T10:05:49","date_gmt":"2021-07-20T10:05:49","guid":{"rendered":"https:\/\/stoppaslakten.se\/?page_id=256"},"modified":"2021-07-20T10:48:30","modified_gmt":"2021-07-20T10:48:30","slug":"slakterierna","status":"publish","type":"page","link":"https:\/\/stoppaslakten.se\/en\/slakterierna\/","title":{"rendered":"The Slaughterhouses"},"content":{"rendered":"<div data-elementor-type=\"wp-page\" data-elementor-id=\"256\" class=\"elementor elementor-256\" data-elementor-post-type=\"page\">\n\t\t\t\t\t\t\t\t\t<section class=\"elementor-section elementor-top-section elementor-element elementor-element-7da8cf29 elementor-section-height-min-height elementor-section-boxed elementor-section-height-default elementor-section-items-middle\" data-id=\"7da8cf29\" data-element_type=\"section\" data-settings=\"{&quot;background_background&quot;:&quot;classic&quot;}\">\n\t\t\t\t\t\t\t<div class=\"elementor-background-overlay\"><\/div>\n\t\t\t\t\t\t\t<div class=\"elementor-container elementor-column-gap-default\">\n\t\t\t\t\t<div class=\"elementor-column elementor-col-100 elementor-top-column elementor-element elementor-element-13b4faad\" data-id=\"13b4faad\" data-element_type=\"column\">\n\t\t\t<div class=\"elementor-widget-wrap elementor-element-populated\">\n\t\t\t\t\t\t\t\t<div class=\"elementor-element elementor-element-478c3f6d elementor-widget elementor-widget-heading\" data-id=\"478c3f6d\" data-element_type=\"widget\" data-widget_type=\"heading.default\">\n\t\t\t\t<div class=\"elementor-widget-container\">\n\t\t\t<h1 class=\"elementor-heading-title elementor-size-default\">The Slaughterhouses<\/h1>\t\t<\/div>\n\t\t\t\t<\/div>\n\t\t\t\t\t<\/div>\n\t\t<\/div>\n\t\t\t\t\t\t\t<\/div>\n\t\t<\/section>\n\t\t\t\t<section class=\"elementor-section elementor-top-section elementor-element elementor-element-f59d5b3 elementor-section-boxed elementor-section-height-default elementor-section-height-default\" data-id=\"f59d5b3\" data-element_type=\"section\">\n\t\t\t\t\t\t<div class=\"elementor-container elementor-column-gap-default\">\n\t\t\t\t\t<div class=\"elementor-column elementor-col-100 elementor-top-column elementor-element elementor-element-f17e6fc\" data-id=\"f17e6fc\" data-element_type=\"column\">\n\t\t\t<div class=\"elementor-widget-wrap elementor-element-populated\">\n\t\t\t\t\t\t\t\t<div class=\"elementor-element elementor-element-ed60f43 elementor-widget elementor-widget-text-editor\" data-id=\"ed60f43\" data-element_type=\"widget\" data-widget_type=\"text-editor.default\">\n\t\t\t\t<div class=\"elementor-widget-container\">\n\t\t\t\t\t\t\t<p>Where are the slaughterhouses in Sweden? Use our interactive map where we have compiled the corporations and the places where they are active.<\/p>\t\t\t\t\t\t<\/div>\n\t\t\t\t<\/div>\n\t\t\t\t<div class=\"elementor-element elementor-element-57c94b4 elementor-widget elementor-widget-html\" data-id=\"57c94b4\" data-element_type=\"widget\" data-widget_type=\"html.default\">\n\t\t\t\t<div class=\"elementor-widget-container\">\n\t\t\t<iframe loading=\"lazy\" src=\"https:\/\/www.google.com\/maps\/d\/embed?mid=1WzDHnNHxldFgVlwlIyArd4v2mY8Wff9A\" width=\"640\" height=\"640\"><\/iframe>\t\t<\/div>\n\t\t\t\t<\/div>\n\t\t\t\t\t<\/div>\n\t\t<\/div>\n\t\t\t\t\t\t\t<\/div>\n\t\t<\/section>\n\t\t\t\t\t\t\t<\/div>","protected":false},"excerpt":{"rendered":"<p>Slakterierna Vart finns slakterierna i Sverige? Ta hj\u00e4lp av v\u00e5r interaktiva karta d\u00e4r vi sammanst\u00e4llt f\u00f6retagen och platserna de verkar p\u00e5.<\/p>","protected":false},"author":1,"featured_media":133,"parent":0,"menu_order":0,"comment_status":"closed","ping_status":"closed","template":"elementor_header_footer","meta":{"footnotes":""},"class_list":["post-256","page","type-page","status-publish","has-post-thumbnail","hentry"],"yoast_head":"<!-- This site is optimized with the Yoast SEO plugin v20.13 - https:\/\/yoast.com\/wordpress\/plugins\/seo\/ -->\n<title>Slakterierna - Stoppa slakten<\/title>\n<meta name=\"description\" content=\"Vart finns slakterierna i Sverige? Ta hj\u00e4lp av v\u00e5r interaktiva karta d\u00e4r vi sammanst\u00e4llt f\u00f6retagen och platserna de verkar p\u00e5.\" \/>\n<meta name=\"robots\" content=\"index, follow, max-snippet:-1, max-image-preview:large, max-video-preview:-1\" \/>\n<link rel=\"canonical\" href=\"https:\/\/stoppaslakten.se\/en\/slakterierna\/\" \/>\n<meta property=\"og:locale\" content=\"en_US\" \/>\n<meta property=\"og:type\" content=\"article\" \/>\n<meta property=\"og:title\" content=\"Slakterierna - Stoppa slakten\" \/>\n<meta property=\"og:description\" content=\"Vart finns slakterierna i Sverige? Ta hj\u00e4lp av v\u00e5r interaktiva karta d\u00e4r vi sammanst\u00e4llt f\u00f6retagen och platserna de verkar p\u00e5.\" \/>\n<meta property=\"og:url\" content=\"https:\/\/stoppaslakten.se\/en\/slakterierna\/\" \/>\n<meta property=\"og:site_name\" content=\"Stoppa slakten\" \/>\n<meta property=\"article:modified_time\" content=\"2021-07-20T10:48:30+00:00\" \/>\n<meta property=\"og:image\" content=\"https:\/\/stoppaslakten.se\/wp-content\/uploads\/2021\/07\/taggtrad-scaled.jpg\" \/>\n\t<meta property=\"og:image:width\" content=\"2560\" \/>\n\t<meta property=\"og:image:height\" content=\"1920\" \/>\n\t<meta property=\"og:image:type\" content=\"image\/jpeg\" \/>\n<meta name=\"twitter:card\" content=\"summary_large_image\" \/>\n<meta name=\"twitter:label1\" content=\"Est. reading time\" \/>\n\t<meta name=\"twitter:data1\" content=\"1 minute\" \/>\n<script type=\"application\/ld+json\" class=\"yoast-schema-graph\">{\"@context\":\"https:\/\/schema.org\",\"@graph\":[{\"@type\":\"WebPage\",\"@id\":\"https:\/\/stoppaslakten.se\/slakterierna\/\",\"url\":\"https:\/\/stoppaslakten.se\/slakterierna\/\",\"name\":\"Slakterierna - Stoppa slakten\",\"isPartOf\":{\"@id\":\"https:\/\/stoppaslakten.se\/#website\"},\"datePublished\":\"2021-07-20T10:05:49+00:00\",\"dateModified\":\"2021-07-20T10:48:30+00:00\",\"description\":\"Vart finns slakterierna i Sverige? Ta hj\u00e4lp av v\u00e5r interaktiva karta d\u00e4r vi sammanst\u00e4llt f\u00f6retagen och platserna de verkar p\u00e5.\",\"breadcrumb\":{\"@id\":\"https:\/\/stoppaslakten.se\/slakterierna\/#breadcrumb\"},\"inLanguage\":\"en-US\",\"potentialAction\":[{\"@type\":\"ReadAction\",\"target\":[\"https:\/\/stoppaslakten.se\/slakterierna\/\"]}]},{\"@type\":\"BreadcrumbList\",\"@id\":\"https:\/\/stoppaslakten.se\/slakterierna\/#breadcrumb\",\"itemListElement\":[{\"@type\":\"ListItem\",\"position\":1,\"name\":\"Hem\",\"item\":\"https:\/\/stoppaslakten.se\/\"},{\"@type\":\"ListItem\",\"position\":2,\"name\":\"Slakterierna\"}]},{\"@type\":\"WebSite\",\"@id\":\"https:\/\/stoppaslakten.se\/#website\",\"url\":\"https:\/\/stoppaslakten.se\/\",\"name\":\"Stoppa slakten\",\"description\":\"Tillsammans kan vi \u00e4ndra systemet!\",\"publisher\":{\"@id\":\"https:\/\/stoppaslakten.se\/#organization\"},\"potentialAction\":[{\"@type\":\"SearchAction\",\"target\":{\"@type\":\"EntryPoint\",\"urlTemplate\":\"https:\/\/stoppaslakten.se\/?s={search_term_string}\"},\"query-input\":\"required name=search_term_string\"}],\"inLanguage\":\"en-US\"},{\"@type\":\"Organization\",\"@id\":\"https:\/\/stoppaslakten.se\/#organization\",\"name\":\"Stoppa slakten\",\"url\":\"https:\/\/stoppaslakten.se\/\",\"logo\":{\"@type\":\"ImageObject\",\"inLanguage\":\"en-US\",\"@id\":\"https:\/\/stoppaslakten.se\/#\/schema\/logo\/image\/\",\"url\":\"https:\/\/stoppaslakten.se\/wp-content\/uploads\/2021\/07\/stoppaslakten-blue.png\",\"contentUrl\":\"https:\/\/stoppaslakten.se\/wp-content\/uploads\/2021\/07\/stoppaslakten-blue.png\",\"width\":1509,\"height\":724,\"caption\":\"Stoppa slakten\"},\"image\":{\"@id\":\"https:\/\/stoppaslakten.se\/#\/schema\/logo\/image\/\"}}]}<\/script>\n<!-- \/ Yoast SEO plugin. -->","yoast_head_json":{"title":"Slakterierna - Stoppa slakten","description":"Vart finns slakterierna i Sverige? Ta hj\u00e4lp av v\u00e5r interaktiva karta d\u00e4r vi sammanst\u00e4llt f\u00f6retagen och platserna de verkar p\u00e5.","robots":{"index":"index","follow":"follow","max-snippet":"max-snippet:-1","max-image-preview":"max-image-preview:large","max-video-preview":"max-video-preview:-1"},"canonical":"https:\/\/stoppaslakten.se\/en\/slakterierna\/","og_locale":"en_US","og_type":"article","og_title":"Slakterierna - Stoppa slakten","og_description":"Vart finns slakterierna i Sverige? Ta hj\u00e4lp av v\u00e5r interaktiva karta d\u00e4r vi sammanst\u00e4llt f\u00f6retagen och platserna de verkar p\u00e5.","og_url":"https:\/\/stoppaslakten.se\/en\/slakterierna\/","og_site_name":"Stoppa slakten","article_modified_time":"2021-07-20T10:48:30+00:00","og_image":[{"width":2560,"height":1920,"url":"https:\/\/stoppaslakten.se\/wp-content\/uploads\/2021\/07\/taggtrad-scaled.jpg","type":"image\/jpeg"}],"twitter_card":"summary_large_image","twitter_misc":{"Est. reading time":"1 minute"},"schema":{"@context":"https:\/\/schema.org","@graph":[{"@type":"WebPage","@id":"https:\/\/stoppaslakten.se\/slakterierna\/","url":"https:\/\/stoppaslakten.se\/slakterierna\/","name":"Slakterierna - Stoppa slakten","isPartOf":{"@id":"https:\/\/stoppaslakten.se\/#website"},"datePublished":"2021-07-20T10:05:49+00:00","dateModified":"2021-07-20T10:48:30+00:00","description":"Vart finns slakterierna i Sverige? Ta hj\u00e4lp av v\u00e5r interaktiva karta d\u00e4r vi sammanst\u00e4llt f\u00f6retagen och platserna de verkar p\u00e5.","breadcrumb":{"@id":"https:\/\/stoppaslakten.se\/slakterierna\/#breadcrumb"},"inLanguage":"en-US","potentialAction":[{"@type":"ReadAction","target":["https:\/\/stoppaslakten.se\/slakterierna\/"]}]},{"@type":"BreadcrumbList","@id":"https:\/\/stoppaslakten.se\/slakterierna\/#breadcrumb","itemListElement":[{"@type":"ListItem","position":1,"name":"Hem","item":"https:\/\/stoppaslakten.se\/"},{"@type":"ListItem","position":2,"name":"Slakterierna"}]},{"@type":"WebSite","@id":"https:\/\/stoppaslakten.se\/#website","url":"https:\/\/stoppaslakten.se\/","name":"Stoppa slakten","description":"Tillsammans kan vi \u00e4ndra systemet!","publisher":{"@id":"https:\/\/stoppaslakten.se\/#organization"},"potentialAction":[{"@type":"SearchAction","target":{"@type":"EntryPoint","urlTemplate":"https:\/\/stoppaslakten.se\/?s={search_term_string}"},"query-input":"required name=search_term_string"}],"inLanguage":"en-US"},{"@type":"Organization","@id":"https:\/\/stoppaslakten.se\/#organization","name":"Stoppa slakten","url":"https:\/\/stoppaslakten.se\/","logo":{"@type":"ImageObject","inLanguage":"en-US","@id":"https:\/\/stoppaslakten.se\/#\/schema\/logo\/image\/","url":"https:\/\/stoppaslakten.se\/wp-content\/uploads\/2021\/07\/stoppaslakten-blue.png","contentUrl":"https:\/\/stoppaslakten.se\/wp-content\/uploads\/2021\/07\/stoppaslakten-blue.png","width":1509,"height":724,"caption":"Stoppa slakten"},"image":{"@id":"https:\/\/stoppaslakten.se\/#\/schema\/logo\/image\/"}}]}},"_links":{"self":[{"href":"https:\/\/stoppaslakten.se\/en\/wp-json\/wp\/v2\/pages\/256","targetHints":{"allow":["GET"]}}],"collection":[{"href":"https:\/\/stoppaslakten.se\/en\/wp-json\/wp\/v2\/pages"}],"about":[{"href":"https:\/\/stoppaslakten.se\/en\/wp-json\/wp\/v2\/types\/page"}],"author":[{"embeddable":true,"href":"https:\/\/stoppaslakten.se\/en\/wp-json\/wp\/v2\/users\/1"}],"replies":[{"embeddable":true,"href":"https:\/\/stoppaslakten.se\/en\/wp-json\/wp\/v2\/comments?post=256"}],"version-history":[{"count":8,"href":"https:\/\/stoppaslakten.se\/en\/wp-json\/wp\/v2\/pages\/256\/revisions"}],"predecessor-version":[{"id":347,"href":"https:\/\/stoppaslakten.se\/en\/wp-json\/wp\/v2\/pages\/256\/revisions\/347"}],"wp:featuredmedia":[{"embeddable":true,"href":"https:\/\/stoppaslakten.se\/en\/wp-json\/wp\/v2\/media\/133"}],"wp:attachment":[{"href":"https:\/\/stoppaslakten.se\/en\/wp-json\/wp\/v2\/media?parent=256"}],"curies":[{"name":"wp","href":"https:\/\/api.w.org\/{rel}","templated":true}]}}