{"id":150,"date":"2021-07-07T10:58:13","date_gmt":"2021-07-07T10:58:13","guid":{"rendered":"https:\/\/stoppaslakten.se\/?page_id=150"},"modified":"2021-07-27T17:19:44","modified_gmt":"2021-07-27T17:19:44","slug":"paverka","status":"publish","type":"page","link":"https:\/\/stoppaslakten.se\/en\/paverka\/","title":{"rendered":"Make a difference"},"content":{"rendered":"<div data-elementor-type=\"wp-page\" data-elementor-id=\"150\" class=\"elementor elementor-150\" data-elementor-post-type=\"page\">\n\t\t\t\t\t\t\t\t\t<section class=\"elementor-section elementor-top-section elementor-element elementor-element-6897afb elementor-section-height-min-height elementor-section-boxed elementor-section-height-default elementor-section-items-middle\" data-id=\"6897afb\" data-element_type=\"section\" data-settings=\"{&quot;background_background&quot;:&quot;classic&quot;}\">\n\t\t\t\t\t\t\t<div class=\"elementor-background-overlay\"><\/div>\n\t\t\t\t\t\t\t<div class=\"elementor-container elementor-column-gap-default\">\n\t\t\t\t\t<div class=\"elementor-column elementor-col-100 elementor-top-column elementor-element elementor-element-007c44f\" data-id=\"007c44f\" data-element_type=\"column\">\n\t\t\t<div class=\"elementor-widget-wrap elementor-element-populated\">\n\t\t\t\t\t\t\t\t<div class=\"elementor-element elementor-element-b580e64 elementor-widget elementor-widget-heading\" data-id=\"b580e64\" data-element_type=\"widget\" data-widget_type=\"heading.default\">\n\t\t\t\t<div class=\"elementor-widget-container\">\n\t\t\t<h1 class=\"elementor-heading-title elementor-size-default\">Make a difference<\/h1>\t\t<\/div>\n\t\t\t\t<\/div>\n\t\t\t\t\t<\/div>\n\t\t<\/div>\n\t\t\t\t\t\t\t<\/div>\n\t\t<\/section>\n\t\t\t\t<section class=\"elementor-section elementor-top-section elementor-element elementor-element-1202032a elementor-section-boxed elementor-section-height-default elementor-section-height-default\" data-id=\"1202032a\" data-element_type=\"section\">\n\t\t\t\t\t\t<div class=\"elementor-container elementor-column-gap-default\">\n\t\t\t\t\t<div class=\"elementor-column elementor-col-100 elementor-top-column elementor-element elementor-element-3fc41e6\" data-id=\"3fc41e6\" data-element_type=\"column\">\n\t\t\t<div class=\"elementor-widget-wrap elementor-element-populated\">\n\t\t\t\t\t\t\t\t<div class=\"elementor-element elementor-element-2cbace5 elementor-widget elementor-widget-heading\" data-id=\"2cbace5\" data-element_type=\"widget\" data-settings=\"{&quot;motion_fx_motion_fx_scrolling&quot;:&quot;yes&quot;,&quot;motion_fx_devices&quot;:[&quot;desktop&quot;,&quot;tablet&quot;,&quot;mobile&quot;]}\" data-widget_type=\"heading.default\">\n\t\t\t\t<div class=\"elementor-widget-container\">\n\t\t\t<h2 class=\"elementor-heading-title elementor-size-default\">Thank you for your interest in stopping the slaughter!\n<br>Here are some of our suggestions for how you can start to have an impact in this direction.<\/h2>\t\t<\/div>\n\t\t\t\t<\/div>\n\t\t\t\t\t<\/div>\n\t\t<\/div>\n\t\t\t\t\t\t\t<\/div>\n\t\t<\/section>\n\t\t\t\t<section class=\"elementor-section elementor-top-section elementor-element elementor-element-d52c97b elementor-section-height-min-height elementor-section-boxed elementor-section-height-default elementor-section-items-middle\" data-id=\"d52c97b\" data-element_type=\"section\" data-settings=\"{&quot;background_background&quot;:&quot;classic&quot;}\">\n\t\t\t\t\t\t\t<div class=\"elementor-background-overlay\"><\/div>\n\t\t\t\t\t\t\t<div class=\"elementor-container elementor-column-gap-default\">\n\t\t\t\t\t<div class=\"elementor-column elementor-col-100 elementor-top-column elementor-element elementor-element-4fecd35\" data-id=\"4fecd35\" data-element_type=\"column\">\n\t\t\t<div class=\"elementor-widget-wrap elementor-element-populated\">\n\t\t\t\t\t\t\t\t<div class=\"elementor-element elementor-element-1bfe824 elementor-widget elementor-widget-heading\" data-id=\"1bfe824\" data-element_type=\"widget\" data-widget_type=\"heading.default\">\n\t\t\t\t<div class=\"elementor-widget-container\">\n\t\t\t<h2 class=\"elementor-heading-title elementor-size-default\">SIGN OUR PETITION<\/h2>\t\t<\/div>\n\t\t\t\t<\/div>\n\t\t\t\t<div class=\"elementor-element elementor-element-9b84620 elementor-widget elementor-widget-text-editor\" data-id=\"9b84620\" data-element_type=\"widget\" data-widget_type=\"text-editor.default\">\n\t\t\t\t<div class=\"elementor-widget-container\">\n\t\t\t\t\t\t\t<p class=\"p1\"><span class=\"s1\">We are collecting as many names as we can to draw the attention of the Swedish Parliament to our campaign. Please sign our official petition at mittskifte.org!<br \/><\/span><\/p>\t\t\t\t\t\t<\/div>\n\t\t\t\t<\/div>\n\t\t\t\t<div class=\"elementor-element elementor-element-9f5539d elementor-align-center elementor-widget elementor-widget-button\" data-id=\"9f5539d\" data-element_type=\"widget\" data-widget_type=\"button.default\">\n\t\t\t\t<div class=\"elementor-widget-container\">\n\t\t\t\t\t<div class=\"elementor-button-wrapper\">\n\t\t\t<a class=\"elementor-button elementor-button-link elementor-size-md\" href=\"https:\/\/www.mittskifte.org\/petitions\/stoppa-slakten\" target=\"_blank\">\n\t\t\t\t\t\t<span class=\"elementor-button-content-wrapper\">\n\t\t\t\t\t\t<span class=\"elementor-button-icon elementor-align-icon-right\">\n\t\t\t\t<i aria-hidden=\"true\" class=\"fas fa-pen\"><\/i>\t\t\t<\/span>\n\t\t\t\t\t\t<span class=\"elementor-button-text\">Sign our petition<\/span>\n\t\t<\/span>\n\t\t\t\t\t<\/a>\n\t\t<\/div>\n\t\t\t\t<\/div>\n\t\t\t\t<\/div>\n\t\t\t\t\t<\/div>\n\t\t<\/div>\n\t\t\t\t\t\t\t<\/div>\n\t\t<\/section>\n\t\t\t\t<section class=\"elementor-section elementor-top-section elementor-element elementor-element-ea25285 elementor-section-boxed elementor-section-height-default elementor-section-height-default\" data-id=\"ea25285\" data-element_type=\"section\">\n\t\t\t\t\t\t<div class=\"elementor-container elementor-column-gap-default\">\n\t\t\t\t\t<div class=\"elementor-column elementor-col-100 elementor-top-column elementor-element elementor-element-8bd142b\" data-id=\"8bd142b\" data-element_type=\"column\">\n\t\t\t<div class=\"elementor-widget-wrap elementor-element-populated\">\n\t\t\t\t\t\t\t\t<section class=\"elementor-section elementor-inner-section elementor-element elementor-element-8e4ae43 elementor-section-boxed elementor-section-height-default elementor-section-height-default\" data-id=\"8e4ae43\" data-element_type=\"section\">\n\t\t\t\t\t\t<div class=\"elementor-container elementor-column-gap-default\">\n\t\t\t\t\t<div class=\"elementor-column elementor-col-50 elementor-inner-column elementor-element elementor-element-9db3f34\" data-id=\"9db3f34\" data-element_type=\"column\">\n\t\t\t<div class=\"elementor-widget-wrap elementor-element-populated\">\n\t\t\t\t\t\t\t\t<div class=\"elementor-element elementor-element-f8cf7f7 elementor-widget elementor-widget-heading\" data-id=\"f8cf7f7\" data-element_type=\"widget\" data-widget_type=\"heading.default\">\n\t\t\t\t<div class=\"elementor-widget-container\">\n\t\t\t<h2 class=\"elementor-heading-title elementor-size-default\">WRITE TO THE MEDIA<\/h2>\t\t<\/div>\n\t\t\t\t<\/div>\n\t\t\t\t<div class=\"elementor-element elementor-element-ff0ff01 elementor-widget elementor-widget-text-editor\" data-id=\"ff0ff01\" data-element_type=\"widget\" data-widget_type=\"text-editor.default\">\n\t\t\t\t<div class=\"elementor-widget-container\">\n\t\t\t\t\t\t\t<p>One effective way to spread awareness and encourage engagement for a certain issue is to write a text that can be published in one of Sweden\u2019s many newspapers. We hope that you will write about the importance of stopping the slaughter.<\/p><p>Visit the website of the newspaper that you would like to write to so that you can find out what applies for submitting letters to the editor, opinion pieces, and debate articles, as well as to which e-mail address to send your text. For tips on writing such texts, we suggest reading the excellent <a href=\"https:\/\/www.westander.se\/pr-handboken\/10-tips-om-debattartiklar\/\" target=\"_blank\" rel=\"noopener\">Westanders PR-Handbook<\/a>.<\/p><p>Nowadays, many people can be reached through social media. Feel free to write on Facebook, Instagram, etc., about Stop the Slaughter and share our posts so that more people can see them.<\/p>\t\t\t\t\t\t<\/div>\n\t\t\t\t<\/div>\n\t\t\t\t\t<\/div>\n\t\t<\/div>\n\t\t\t\t<div class=\"elementor-column elementor-col-50 elementor-inner-column elementor-element elementor-element-b849aa8\" data-id=\"b849aa8\" data-element_type=\"column\">\n\t\t\t<div class=\"elementor-widget-wrap elementor-element-populated\">\n\t\t\t\t\t\t\t\t<div class=\"elementor-element elementor-element-457a47d elementor-widget elementor-widget-heading\" data-id=\"457a47d\" data-element_type=\"widget\" data-widget_type=\"heading.default\">\n\t\t\t\t<div class=\"elementor-widget-container\">\n\t\t\t<h2 class=\"elementor-heading-title elementor-size-default\">ACT LOCALLY<\/h2>\t\t<\/div>\n\t\t\t\t<\/div>\n\t\t\t\t<div class=\"elementor-element elementor-element-30b82ed elementor-widget elementor-widget-image\" data-id=\"30b82ed\" data-element_type=\"widget\" data-widget_type=\"image.default\">\n\t\t\t\t<div class=\"elementor-widget-container\">\n\t\t\t\t\t\t\t\t\t\t\t\t\t\t\t<img loading=\"lazy\" decoding=\"async\" width=\"800\" height=\"450\" src=\"https:\/\/stoppaslakten.se\/wp-content\/uploads\/2021\/07\/Stodmanifestation-utanfor-Dalsjofors-slakteri-1024x576.jpg\" class=\"attachment-large size-large wp-image-332\" alt=\"\" srcset=\"\" sizes=\"auto, (max-width: 800px) 100vw, 800px\" data-srcset=\"\" \/>\t\t\t\t\t\t\t\t\t\t\t\t\t\t\t<\/div>\n\t\t\t\t<\/div>\n\t\t\t\t<div class=\"elementor-element elementor-element-11db96f elementor-widget elementor-widget-text-editor\" data-id=\"11db96f\" data-element_type=\"widget\" data-widget_type=\"text-editor.default\">\n\t\t\t\t<div class=\"elementor-widget-container\">\n\t\t\t\t\t\t\t<p>It is often easier to make an impact in the region where you live. If there is a slaughterhouse in your vicinity, you can start a local campaign for closing it. Please contact us if you would like to have a discussion about how this can happen.<\/p>\t\t\t\t\t\t<\/div>\n\t\t\t\t<\/div>\n\t\t\t\t\t<\/div>\n\t\t<\/div>\n\t\t\t\t\t\t\t<\/div>\n\t\t<\/section>\n\t\t\t\t<section class=\"elementor-section elementor-inner-section elementor-element elementor-element-9d7e4ee elementor-section-boxed elementor-section-height-default elementor-section-height-default\" data-id=\"9d7e4ee\" data-element_type=\"section\">\n\t\t\t\t\t\t<div class=\"elementor-container elementor-column-gap-default\">\n\t\t\t\t\t<div class=\"elementor-column elementor-col-50 elementor-inner-column elementor-element elementor-element-b506984\" data-id=\"b506984\" data-element_type=\"column\">\n\t\t\t<div class=\"elementor-widget-wrap elementor-element-populated\">\n\t\t\t\t\t\t\t\t<div class=\"elementor-element elementor-element-914668c elementor-widget elementor-widget-heading\" data-id=\"914668c\" data-element_type=\"widget\" data-widget_type=\"heading.default\">\n\t\t\t\t<div class=\"elementor-widget-container\">\n\t\t\t<h2 class=\"elementor-heading-title elementor-size-default\">SUPPORT THE CAMPAIGN FINANCIALLY<\/h2>\t\t<\/div>\n\t\t\t\t<\/div>\n\t\t\t\t<div class=\"elementor-element elementor-element-cf93189 elementor-widget elementor-widget-text-editor\" data-id=\"cf93189\" data-element_type=\"widget\" data-widget_type=\"text-editor.default\">\n\t\t\t\t<div class=\"elementor-widget-container\">\n\t\t\t\t\t\t\t<p>Above all, people with time and energy are needed to drive such a campaign as this. There is also a need for funding to print signs, flyers, etc.<\/p><p>You are welcome to contribute to this campaign via a gift to the Save Movement Sweden (write \u201cStop the Slaughter\u201d on the message line).<\/p><p class=\" translation-block\"><strong>Sweden<\/strong><br>\nSwish: <strong>1232090066<\/strong> or bankgiro: <strong>5206-2825<\/strong>.<br><br>\n<strong>International<\/strong><br>\nIBAN: <strong>SE64 8000 0832 7969 3373 6305<\/strong><br>\nBIC: <strong>SWEDSESS<\/strong><\/p>\t\t\t\t\t\t<\/div>\n\t\t\t\t<\/div>\n\t\t\t\t\t<\/div>\n\t\t<\/div>\n\t\t\t\t<div class=\"elementor-column elementor-col-50 elementor-inner-column elementor-element elementor-element-d46ac18\" data-id=\"d46ac18\" data-element_type=\"column\">\n\t\t\t<div class=\"elementor-widget-wrap elementor-element-populated\">\n\t\t\t\t\t\t\t\t<div class=\"elementor-element elementor-element-53f5794 elementor-widget elementor-widget-image\" data-id=\"53f5794\" data-element_type=\"widget\" data-widget_type=\"image.default\">\n\t\t\t\t<div class=\"elementor-widget-container\">\n\t\t\t\t\t\t\t\t\t\t\t\t\t\t\t<img loading=\"lazy\" decoding=\"async\" width=\"768\" height=\"870\" src=\"https:\/\/stoppaslakten.se\/wp-content\/uploads\/2022\/02\/helpinghands.png\" class=\"attachment-medium_large size-medium_large wp-image-419\" alt=\"\" srcset=\"https:\/\/stoppaslakten.se\/wp-content\/uploads\/2022\/02\/helpinghands.png 750w, https:\/\/stoppaslakten.se\/wp-content\/uploads\/2022\/02\/helpinghands-265x300.png 265w, https:\/\/stoppaslakten.se\/wp-content\/uploads\/2022\/02\/helpinghands-11x12.png 11w\" sizes=\"auto, (max-width: 768px) 100vw, 768px\" \/>\t\t\t\t\t\t\t\t\t\t\t\t\t\t\t<\/div>\n\t\t\t\t<\/div>\n\t\t\t\t\t<\/div>\n\t\t<\/div>\n\t\t\t\t\t\t\t<\/div>\n\t\t<\/section>\n\t\t\t\t\t<\/div>\n\t\t<\/div>\n\t\t\t\t\t\t\t<\/div>\n\t\t<\/section>\n\t\t\t\t<section class=\"elementor-section elementor-top-section elementor-element elementor-element-631370d3 elementor-section-boxed elementor-section-height-default elementor-section-height-default\" data-id=\"631370d3\" data-element_type=\"section\" data-settings=\"{&quot;background_background&quot;:&quot;classic&quot;}\">\n\t\t\t\t\t\t<div class=\"elementor-container elementor-column-gap-default\">\n\t\t\t\t\t<div class=\"elementor-column elementor-col-100 elementor-top-column elementor-element elementor-element-53ea5841\" data-id=\"53ea5841\" data-element_type=\"column\">\n\t\t\t<div class=\"elementor-widget-wrap elementor-element-populated\">\n\t\t\t\t\t\t\t\t<div class=\"elementor-element elementor-element-d9c4f0e elementor-widget elementor-widget-heading\" data-id=\"d9c4f0e\" data-element_type=\"widget\" data-settings=\"{&quot;motion_fx_motion_fx_scrolling&quot;:&quot;yes&quot;,&quot;motion_fx_devices&quot;:[&quot;desktop&quot;,&quot;tablet&quot;,&quot;mobile&quot;]}\" data-widget_type=\"heading.default\">\n\t\t\t\t<div class=\"elementor-widget-container\">\n\t\t\t<h2 class=\"elementor-heading-title elementor-size-default\">\u201cWe cannot believe that if we refuse to look at what we do not wish to see, it will not exist.\u201d<\/h2>\t\t<\/div>\n\t\t\t\t<\/div>\n\t\t\t\t<div class=\"elementor-element elementor-element-3f41850b elementor-widget elementor-widget-text-editor\" data-id=\"3f41850b\" data-element_type=\"widget\" data-widget_type=\"text-editor.default\">\n\t\t\t\t<div class=\"elementor-widget-container\">\n\t\t\t\t\t\t\t<p>Lev Tolstoj<\/p>\t\t\t\t\t\t<\/div>\n\t\t\t\t<\/div>\n\t\t\t\t\t<\/div>\n\t\t<\/div>\n\t\t\t\t\t\t\t<\/div>\n\t\t<\/section>\n\t\t\t\t\t\t\t<\/div>","protected":false},"excerpt":{"rendered":"<p>P\u00e5verka Tack f\u00f6r att du vill hj\u00e4lpa till att stoppa slakten! H\u00e4r har vi n\u00e5gra f\u00f6rslag p\u00e5 hur du kan b\u00f6rja p\u00e5verka i denna riktning. Skriv p\u00e5 v\u00e5r namninsamling Vi samlar s\u00e5 m\u00e5nga namn vi kan f\u00f6r att uppm\u00e4rksamma riksdagen om v\u00e5r kampanj. Skriv g\u00e4rna p\u00e5 du ocks\u00e5 p\u00e5 v\u00e5r officiella namninsamling p\u00e5 mittskifte.org! Skriv [&hellip;]<\/p>","protected":false},"author":1,"featured_media":0,"parent":0,"menu_order":0,"comment_status":"closed","ping_status":"closed","template":"elementor_header_footer","meta":{"footnotes":""},"class_list":["post-150","page","type-page","status-publish","hentry"],"yoast_head":"<!-- This site is optimized with the Yoast SEO plugin v20.13 - https:\/\/yoast.com\/wordpress\/plugins\/seo\/ -->\n<title>P\u00e5verka - Stoppa slakten<\/title>\n<meta name=\"robots\" content=\"index, follow, max-snippet:-1, max-image-preview:large, max-video-preview:-1\" \/>\n<link rel=\"canonical\" href=\"https:\/\/stoppaslakten.se\/en\/paverka\/\" \/>\n<meta property=\"og:locale\" content=\"en_US\" \/>\n<meta property=\"og:type\" content=\"article\" \/>\n<meta property=\"og:title\" content=\"P\u00e5verka - Stoppa slakten\" \/>\n<meta property=\"og:description\" content=\"P\u00e5verka Tack f\u00f6r att du vill hj\u00e4lpa till att stoppa slakten! H\u00e4r har vi n\u00e5gra f\u00f6rslag p\u00e5 hur du kan b\u00f6rja p\u00e5verka i denna riktning. Skriv p\u00e5 v\u00e5r namninsamling Vi samlar s\u00e5 m\u00e5nga namn vi kan f\u00f6r att uppm\u00e4rksamma riksdagen om v\u00e5r kampanj. Skriv g\u00e4rna p\u00e5 du ocks\u00e5 p\u00e5 v\u00e5r officiella namninsamling p\u00e5 mittskifte.org! Skriv [&hellip;]\" \/>\n<meta property=\"og:url\" content=\"https:\/\/stoppaslakten.se\/en\/paverka\/\" \/>\n<meta property=\"og:site_name\" content=\"Stoppa slakten\" \/>\n<meta property=\"article:modified_time\" content=\"2021-07-27T17:19:44+00:00\" \/>\n<meta property=\"og:image\" content=\"https:\/\/stoppaslakten.se\/wp-content\/uploads\/2021\/07\/Stodmanifestation-utanfor-Dalsjofors-slakteri-1024x576.jpg\" \/>\n<meta name=\"twitter:card\" content=\"summary_large_image\" \/>\n<meta name=\"twitter:label1\" content=\"Est. reading time\" \/>\n\t<meta name=\"twitter:data1\" content=\"2 minutes\" \/>\n<script type=\"application\/ld+json\" class=\"yoast-schema-graph\">{\"@context\":\"https:\/\/schema.org\",\"@graph\":[{\"@type\":\"WebPage\",\"@id\":\"https:\/\/stoppaslakten.se\/paverka\/\",\"url\":\"https:\/\/stoppaslakten.se\/paverka\/\",\"name\":\"P\u00e5verka - Stoppa slakten\",\"isPartOf\":{\"@id\":\"https:\/\/stoppaslakten.se\/#website\"},\"datePublished\":\"2021-07-07T10:58:13+00:00\",\"dateModified\":\"2021-07-27T17:19:44+00:00\",\"breadcrumb\":{\"@id\":\"https:\/\/stoppaslakten.se\/paverka\/#breadcrumb\"},\"inLanguage\":\"en-US\",\"potentialAction\":[{\"@type\":\"ReadAction\",\"target\":[\"https:\/\/stoppaslakten.se\/paverka\/\"]}]},{\"@type\":\"BreadcrumbList\",\"@id\":\"https:\/\/stoppaslakten.se\/paverka\/#breadcrumb\",\"itemListElement\":[{\"@type\":\"ListItem\",\"position\":1,\"name\":\"Hem\",\"item\":\"https:\/\/stoppaslakten.se\/\"},{\"@type\":\"ListItem\",\"position\":2,\"name\":\"P\u00e5verka\"}]},{\"@type\":\"WebSite\",\"@id\":\"https:\/\/stoppaslakten.se\/#website\",\"url\":\"https:\/\/stoppaslakten.se\/\",\"name\":\"Stoppa slakten\",\"description\":\"Tillsammans kan vi \u00e4ndra systemet!\",\"publisher\":{\"@id\":\"https:\/\/stoppaslakten.se\/#organization\"},\"potentialAction\":[{\"@type\":\"SearchAction\",\"target\":{\"@type\":\"EntryPoint\",\"urlTemplate\":\"https:\/\/stoppaslakten.se\/?s={search_term_string}\"},\"query-input\":\"required name=search_term_string\"}],\"inLanguage\":\"en-US\"},{\"@type\":\"Organization\",\"@id\":\"https:\/\/stoppaslakten.se\/#organization\",\"name\":\"Stoppa slakten\",\"url\":\"https:\/\/stoppaslakten.se\/\",\"logo\":{\"@type\":\"ImageObject\",\"inLanguage\":\"en-US\",\"@id\":\"https:\/\/stoppaslakten.se\/#\/schema\/logo\/image\/\",\"url\":\"https:\/\/stoppaslakten.se\/wp-content\/uploads\/2021\/07\/stoppaslakten-blue.png\",\"contentUrl\":\"https:\/\/stoppaslakten.se\/wp-content\/uploads\/2021\/07\/stoppaslakten-blue.png\",\"width\":1509,\"height\":724,\"caption\":\"Stoppa slakten\"},\"image\":{\"@id\":\"https:\/\/stoppaslakten.se\/#\/schema\/logo\/image\/\"}}]}<\/script>\n<!-- \/ Yoast SEO plugin. -->","yoast_head_json":{"title":"P\u00e5verka - Stoppa slakten","robots":{"index":"index","follow":"follow","max-snippet":"max-snippet:-1","max-image-preview":"max-image-preview:large","max-video-preview":"max-video-preview:-1"},"canonical":"https:\/\/stoppaslakten.se\/en\/paverka\/","og_locale":"en_US","og_type":"article","og_title":"P\u00e5verka - Stoppa slakten","og_description":"P\u00e5verka Tack f\u00f6r att du vill hj\u00e4lpa till att stoppa slakten! H\u00e4r har vi n\u00e5gra f\u00f6rslag p\u00e5 hur du kan b\u00f6rja p\u00e5verka i denna riktning. Skriv p\u00e5 v\u00e5r namninsamling Vi samlar s\u00e5 m\u00e5nga namn vi kan f\u00f6r att uppm\u00e4rksamma riksdagen om v\u00e5r kampanj. Skriv g\u00e4rna p\u00e5 du ocks\u00e5 p\u00e5 v\u00e5r officiella namninsamling p\u00e5 mittskifte.org! Skriv [&hellip;]","og_url":"https:\/\/stoppaslakten.se\/en\/paverka\/","og_site_name":"Stoppa slakten","article_modified_time":"2021-07-27T17:19:44+00:00","og_image":[{"url":"https:\/\/stoppaslakten.se\/wp-content\/uploads\/2021\/07\/Stodmanifestation-utanfor-Dalsjofors-slakteri-1024x576.jpg"}],"twitter_card":"summary_large_image","twitter_misc":{"Est. reading time":"2 minutes"},"schema":{"@context":"https:\/\/schema.org","@graph":[{"@type":"WebPage","@id":"https:\/\/stoppaslakten.se\/paverka\/","url":"https:\/\/stoppaslakten.se\/paverka\/","name":"P\u00e5verka - Stoppa slakten","isPartOf":{"@id":"https:\/\/stoppaslakten.se\/#website"},"datePublished":"2021-07-07T10:58:13+00:00","dateModified":"2021-07-27T17:19:44+00:00","breadcrumb":{"@id":"https:\/\/stoppaslakten.se\/paverka\/#breadcrumb"},"inLanguage":"en-US","potentialAction":[{"@type":"ReadAction","target":["https:\/\/stoppaslakten.se\/paverka\/"]}]},{"@type":"BreadcrumbList","@id":"https:\/\/stoppaslakten.se\/paverka\/#breadcrumb","itemListElement":[{"@type":"ListItem","position":1,"name":"Hem","item":"https:\/\/stoppaslakten.se\/"},{"@type":"ListItem","position":2,"name":"P\u00e5verka"}]},{"@type":"WebSite","@id":"https:\/\/stoppaslakten.se\/#website","url":"https:\/\/stoppaslakten.se\/","name":"Stoppa slakten","description":"Tillsammans kan vi \u00e4ndra systemet!","publisher":{"@id":"https:\/\/stoppaslakten.se\/#organization"},"potentialAction":[{"@type":"SearchAction","target":{"@type":"EntryPoint","urlTemplate":"https:\/\/stoppaslakten.se\/?s={search_term_string}"},"query-input":"required name=search_term_string"}],"inLanguage":"en-US"},{"@type":"Organization","@id":"https:\/\/stoppaslakten.se\/#organization","name":"Stoppa slakten","url":"https:\/\/stoppaslakten.se\/","logo":{"@type":"ImageObject","inLanguage":"en-US","@id":"https:\/\/stoppaslakten.se\/#\/schema\/logo\/image\/","url":"https:\/\/stoppaslakten.se\/wp-content\/uploads\/2021\/07\/stoppaslakten-blue.png","contentUrl":"https:\/\/stoppaslakten.se\/wp-content\/uploads\/2021\/07\/stoppaslakten-blue.png","width":1509,"height":724,"caption":"Stoppa slakten"},"image":{"@id":"https:\/\/stoppaslakten.se\/#\/schema\/logo\/image\/"}}]}},"_links":{"self":[{"href":"https:\/\/stoppaslakten.se\/en\/wp-json\/wp\/v2\/pages\/150","targetHints":{"allow":["GET"]}}],"collection":[{"href":"https:\/\/stoppaslakten.se\/en\/wp-json\/wp\/v2\/pages"}],"about":[{"href":"https:\/\/stoppaslakten.se\/en\/wp-json\/wp\/v2\/types\/page"}],"author":[{"embeddable":true,"href":"https:\/\/stoppaslakten.se\/en\/wp-json\/wp\/v2\/users\/1"}],"replies":[{"embeddable":true,"href":"https:\/\/stoppaslakten.se\/en\/wp-json\/wp\/v2\/comments?post=150"}],"version-history":[{"count":44,"href":"https:\/\/stoppaslakten.se\/en\/wp-json\/wp\/v2\/pages\/150\/revisions"}],"predecessor-version":[{"id":446,"href":"https:\/\/stoppaslakten.se\/en\/wp-json\/wp\/v2\/pages\/150\/revisions\/446"}],"wp:attachment":[{"href":"https:\/\/stoppaslakten.se\/en\/wp-json\/wp\/v2\/media?parent=150"}],"curies":[{"name":"wp","href":"https:\/\/api.w.org\/{rel}","templated":true}]}}